{"id":12,"date":"2022-09-21T07:31:46","date_gmt":"2022-09-21T05:31:46","guid":{"rendered":"https:\/\/demo.creativethemes.com\/blocksy\/wood\/?page_id=12"},"modified":"2023-11-08T19:16:20","modified_gmt":"2023-11-08T18:16:20","slug":"about","status":"publish","type":"page","link":"https:\/\/biohoffengels.websitedummy.de\/index.php\/about\/","title":{"rendered":"\u00dcber uns"},"content":{"rendered":"\n<div class=\"wp-block-stackable-columns alignfull stk-block-columns stk-block stk-d237c83 stk-block-background stk--has-background-overlay\" data-block-id=\"d237c83\"><style>.stk-d237c83{background-color:#000000 !important;background-image:url(http:\/\/biohoffengels.websitedummy.de\/wp-content\/uploads\/2023\/11\/Biohof-Fengels-34.jpg) !important;background-position:center center !important;background-repeat:no-repeat !important;background-size:cover !important;padding-top:300px !important;padding-bottom:200px !important;margin-bottom:0px !important}.stk-d237c83:before{background-color:#000000 !important;opacity:0.5 !important}@media screen and (max-width:1023px){.stk-d237c83{padding-top:150px !important;padding-bottom:100px !important}}<\/style><div class=\"stk-row stk-inner-blocks stk-block-content stk-content-align stk-d237c83-column\">\n<div class=\"wp-block-stackable-column stk-block-column stk-column stk-block stk-ef9835c\" data-v=\"4\" data-block-id=\"ef9835c\"><style>.stk-ef9835c-container{margin-top:0px !important;margin-right:0px !important;margin-bottom:0px !important;margin-left:0px !important;max-width:1500px !important}.stk-ef9835c{align-self:flex-start !important;max-width:700px !important;margin-right:auto !important;margin-left:auto !important}<\/style><div class=\"stk-column-wrapper stk-block-column__content stk-container stk-ef9835c-container stk--no-background stk--no-padding\"><div class=\"has-text-align-left stk-block-content stk-inner-blocks stk-ef9835c-inner-blocks\">\n<div class=\"wp-block-stackable-heading stk-block-heading stk-block-heading--v2 stk-block stk-f9787f4\" id=\"willkommen-beim-biohof-fengels\" data-block-id=\"f9787f4\"><style>.stk-f9787f4{margin-bottom:0px !important}.stk-f9787f4 .stk-block-heading__text{font-size:50px !important;color:var(--paletteColor8,#ffffff) !important}@media screen and (max-width:1023px){.stk-f9787f4 .stk-block-heading__text{font-size:35px !important}}@media screen and (max-width:767px){.stk-f9787f4 .stk-block-heading__text{font-size:30px !important}}<\/style><h2 class=\"stk-block-heading__text has-text-color has-text-align-left stk-block-heading--use-theme-margins\">Willkommen beim Biohof Fengels!<\/h2><\/div>\n\n\n\n<div class=\"wp-block-stackable-text stk-block-text stk-block stk-a03a31d\" data-block-id=\"a03a31d\"><style>.stk-a03a31d{max-width:1285px !important;margin-right:auto !important;margin-left:0px !important}.stk-a03a31d .stk-block-text__text{font-size:27px !important;color:var(--paletteColor8,#ffffff) !important}@media screen and (max-width:1023px){.stk-a03a31d .stk-block-text__text{font-size:27px !important}}<\/style><p class=\"stk-block-text__text has-text-color has-text-align-left\">Erfahren Sie mehr \u00fcber unsere Leidenschaft f\u00fcr Galloways und die hochwertigen Produkte, die wir anbieten.\n<\/p><\/div>\n\n\n\n<div class=\"wp-block-stackable-button-group stk-block-button-group stk-block stk-1010da4\" data-block-id=\"1010da4\"><div class=\"stk-row stk-inner-blocks has-text-align-left has-text-align-center-tablet stk-block-content stk-button-group\">\n<div class=\"wp-block-stackable-button stk-block-button stk-block stk-c3fea2c\" data-block-id=\"c3fea2c\"><style>.stk-c3fea2c{align-items:flex-start !important;display:flex !important}.stk-c3fea2c .stk-button{padding-top:15px !important;padding-right:35px !important;padding-bottom:15px !important;padding-left:35px !important}.stk-c3fea2c .stk-button__inner-text{font-size:18px !important;font-weight:600 !important}@media screen and (max-width:1023px){.stk-c3fea2c .stk-button__inner-text{font-size:18px !important}}<\/style><a class=\"stk-link stk-button stk--hover-effect-darken\" href=\"\"><span class=\"stk-button__inner-text\">Entdecken<\/span><\/a><\/div>\n\n\n\n<div class=\"wp-block-stackable-button stk-block-button is-style-ghost stk-block stk-eee675b\" data-block-id=\"eee675b\"><style>.stk-eee675b{align-items:flex-start !important;display:flex !important}.stk-eee675b .stk-button{padding-top:15px !important;padding-right:35px !important;padding-bottom:15px !important;padding-left:35px !important;background:transparent !important}.stk-eee675b .stk-button:hover:after{background:transparent !important;opacity:1 !important}:where(.stk-hover-parent:hover,.stk-hover-parent.stk--is-hovered) .stk-eee675b .stk-button:after{background:transparent !important;opacity:1 !important}.stk-eee675b .stk-button:before{border-style:solid !important;border-color:#ffffff !important}.stk-eee675b .stk-button__inner-text{font-size:18px !important;color:#ffffff !important;font-weight:600 !important}.stk-eee675b .stk-button:hover .stk-button__inner-text{color:#ffffff !important}@media screen and (max-width:1023px){.stk-eee675b .stk-button__inner-text{font-size:18px !important}}<\/style><a class=\"stk-link stk-button stk--hover-effect-darken\" href=\"\"><span class=\"has-text-color stk-button__inner-text\">Jetzt ekaufen<\/span><\/a><\/div>\n<\/div><\/div>\n<\/div><\/div><\/div>\n<\/div><\/div>\n\n\n\n<div class=\"wp-block-stackable-columns alignfull stk-block-columns stk-block stk-ee16d49 stk-block-background\" data-block-id=\"ee16d49\"><style>.stk-ee16d49{min-height:900px !important;align-items:center !important;display:flex !important}.stk-ee16d49-column{--stk-column-gap:48px !important}<\/style><div class=\"stk-row stk-inner-blocks stk-block-content stk-content-align stk-ee16d49-column alignwide\">\n<div class=\"wp-block-stackable-column stk-block-column stk-column stk-block stk-a355532\" data-v=\"4\" data-block-id=\"a355532\"><style>.stk-a355532-inner-blocks{justify-content:center !important}<\/style><div class=\"stk-column-wrapper stk-block-column__content stk-container stk-a355532-container stk--no-background stk--no-padding\"><div class=\"stk--column-flex stk-block-content stk-inner-blocks stk-a355532-inner-blocks\">\n<div class=\"wp-block-stackable-heading stk-block-heading stk-block-heading--v2 stk-block stk-c3da1c0\" id=\"unsere-philosophie-qualitat-nachhaltigkeit-und-regionalitat\" data-block-id=\"c3da1c0\"><style>.stk-c3da1c0 .stk-block-heading__text{color:var(--paletteColor1,#19331a) !important}<\/style><h1 class=\"stk-block-heading__text has-text-color\">Unsere Philosophie: Qualit\u00e4t, Nachhaltigkeit und Regionalit\u00e4t<\/h1><\/div>\n\n\n\n<p class=\"has-palette-color-1-color has-text-color has-medium-font-size\">Der Biohof Fengels legt gro\u00dfen Wert auf Qualit\u00e4t, Nachhaltigkeit und Regionalit\u00e4t. Wir sind stolz darauf, hochwertiges Fleisch von unseren Galloway-Tieren anzubieten. Unsere Philosophie steht im Mittelpunkt unserer Arbeit.<\/p>\n\n\n\n<div class=\"wp-block-stackable-button-group stk-block-button-group stk-block stk-9612940\" data-block-id=\"9612940\"><div class=\"stk-row stk-inner-blocks has-text-align-left has-text-align-center-tablet stk-block-content stk-button-group\">\n<div class=\"wp-block-stackable-button stk-block-button stk-block stk-6f0362f\" data-block-id=\"6f0362f\"><style>.stk-6f0362f{align-items:flex-start !important;display:flex !important}.stk-6f0362f .stk-button{padding-top:15px !important;padding-right:35px !important;padding-bottom:15px !important;padding-left:35px !important}.stk-6f0362f .stk-button__inner-text{font-size:18px !important;font-weight:600 !important}@media screen and (max-width:1023px){.stk-6f0362f .stk-button__inner-text{font-size:18px !important}}<\/style><a class=\"stk-link stk-button stk--hover-effect-darken\" href=\"\"><span class=\"stk-button__inner-text\">Entdecken<\/span><\/a><\/div>\n\n\n\n<div class=\"wp-block-stackable-button stk-block-button is-style-ghost stk-block stk-8966415\" data-block-id=\"8966415\"><style>.stk-8966415{align-items:flex-start !important;display:flex !important}.stk-8966415 .stk-button{padding-top:15px !important;padding-right:35px !important;padding-bottom:15px !important;padding-left:35px !important;background:transparent !important}.stk-8966415 .stk-button:hover:after{background:transparent !important;opacity:1 !important}:where(.stk-hover-parent:hover,.stk-hover-parent.stk--is-hovered) .stk-8966415 .stk-button:after{background:transparent !important;opacity:1 !important}.stk-8966415 .stk-button:before{border-style:solid !important;border-color:#000000 !important}.stk-8966415 .stk-button__inner-text{font-size:18px !important;color:#000000 !important;font-weight:600 !important}.stk-8966415 .stk-button:hover .stk-button__inner-text{color:#000000 !important}@media screen and (max-width:1023px){.stk-8966415 .stk-button__inner-text{font-size:18px !important}}<\/style><a class=\"stk-link stk-button stk--hover-effect-darken\" href=\"\"><span class=\"has-text-color stk-button__inner-text\">Jetzt kaufen<\/span><span class=\"stk--svg-wrapper\"><div class=\"stk--inner-svg\"><svg aria-hidden=\"true\" focusable=\"false\" data-prefix=\"fas\" data-icon=\"archive\" class=\"svg-inline--fa fa-archive fa-w-16\" xmlns=\"http:\/\/www.w3.org\/2000\/svg\" viewBox=\"0 0 512 512\" width=\"32\" height=\"32\"><path fill=\"currentColor\" d=\"M32 448c0 17.7 14.3 32 32 32h384c17.7 0 32-14.3 32-32V160H32v288zm160-212c0-6.6 5.4-12 12-12h104c6.6 0 12 5.4 12 12v8c0 6.6-5.4 12-12 12H204c-6.6 0-12-5.4-12-12v-8zM480 32H32C14.3 32 0 46.3 0 64v48c0 8.8 7.2 16 16 16h480c8.8 0 16-7.2 16-16V64c0-17.7-14.3-32-32-32z\"><\/path><\/svg><\/div><\/span><\/a><\/div>\n<\/div><\/div>\n\n\n\n<p><a href=\"https:\/\/hamidsafari.info\/schau\/uber-uns\/#\"><\/a><\/p>\n<\/div><\/div><\/div>\n\n\n\n<div class=\"wp-block-stackable-column stk-block-column stk-column stk-block stk-d635c06\" data-v=\"4\" data-block-id=\"d635c06\"><div class=\"stk-column-wrapper stk-block-column__content stk-container stk-d635c06-container stk--no-background stk--no-padding\"><div class=\"stk-block-content stk-inner-blocks stk-d635c06-inner-blocks\">\n<div class=\"wp-block-stackable-image stk-block-image stk-block stk-9d6e2d3\" data-block-id=\"9d6e2d3\"><style>.stk-9d6e2d3 .stk-img-wrapper{height:600px !important}<\/style><figure><div class=\"stk-img-wrapper stk-image--shape-stretch\"><img loading=\"lazy\" decoding=\"async\" class=\"stk-img wp-image-420\" src=\"http:\/\/biohoffengels.websitedummy.de\/wp-content\/uploads\/2023\/11\/Biohof-Fengels-34.jpg\" width=\"2500\" height=\"1667\" srcset=\"https:\/\/biohoffengels.websitedummy.de\/wp-content\/uploads\/2023\/11\/Biohof-Fengels-34.jpg 2500w, https:\/\/biohoffengels.websitedummy.de\/wp-content\/uploads\/2023\/11\/Biohof-Fengels-34-300x200.jpg 300w, https:\/\/biohoffengels.websitedummy.de\/wp-content\/uploads\/2023\/11\/Biohof-Fengels-34-1024x683.jpg 1024w, https:\/\/biohoffengels.websitedummy.de\/wp-content\/uploads\/2023\/11\/Biohof-Fengels-34-768x512.jpg 768w, https:\/\/biohoffengels.websitedummy.de\/wp-content\/uploads\/2023\/11\/Biohof-Fengels-34-1536x1024.jpg 1536w, https:\/\/biohoffengels.websitedummy.de\/wp-content\/uploads\/2023\/11\/Biohof-Fengels-34-2048x1366.jpg 2048w\" sizes=\"(max-width: 2500px) 100vw, 2500px\" \/><\/div><\/figure><\/div>\n<\/div><\/div><\/div>\n<\/div><\/div>\n","protected":false},"excerpt":{"rendered":"<p>Willkommen beim Biohof Fengels! Erfahren Sie mehr \u00fcber unsere Leidenschaft f\u00fcr Galloways und die hochwertigen Produkte, die wir anbieten. Entdecken Jetzt ekaufen Unsere Philosophie: Qualit\u00e4t, Nachhaltigkeit und Regionalit\u00e4t Der Biohof Fengels legt gro\u00dfen Wert auf Qualit\u00e4t, Nachhaltigkeit und Regionalit\u00e4t. Wir sind stolz darauf, hochwertiges Fleisch von unseren Galloway-Tieren anzubieten. Unsere Philosophie steht im Mittelpunkt unserer [&hellip;]<\/p>\n","protected":false},"author":1,"featured_media":0,"parent":0,"menu_order":0,"comment_status":"closed","ping_status":"closed","template":"","meta":{"footnotes":""},"blocksy_meta":{"styles_descriptor":{"styles":{"desktop":"","tablet":"","mobile":""},"google_fonts":[],"version":5},"page_title_panel":"","has_hero_section":"disabled","30bc2ffcfb8806c7c5c158e966a65760":"","hero_section":"type-1","hero_elements":[{"id":"custom_title","enabled":true,"heading_tag":"h1","title":"Home"},{"id":"custom_description","enabled":true,"description_visibility":{"desktop":true,"tablet":true,"mobile":false}},{"id":"custom_meta","enabled":false,"meta_elements":[{"id":"author","enabled":true,"label":"By","has_author_avatar":"yes","avatar_size":25},{"id":"post_date","enabled":true,"label":"On","date_format_source":"default","date_format":"M j, Y"},{"id":"updated_date","enabled":false,"label":"On","date_format_source":"default","date_format":"M j, Y"},{"id":"categories","enabled":false,"label":"In","style":"simple"},{"id":"comments","enabled":true}],"page_meta_elements":{"joined":true,"articles_count":true,"comments":true}},{"id":"breadcrumbs","enabled":false}],"055c9ea96aa1d3b3012b15ac5702cc32":"","hero_alignment1":"CT_CSS_SKIP_RULE","hero_margin":40,"hero_alignment2":"center","hero_vertical_alignment":"center","f3bf3006ea8c007c3d38f124746bfa69":"","hero_structure":"narrow","3b08f62b2d3d61f1e4ab90d33ca533ce":"","page_title_bg_type":"featured_image","custom_hero_background":{"attachment_id":null},"page_title_image_size":"full","parallax":{"desktop":false,"tablet":false,"mobile":false},"8054fd0d19580bce629d54e8b2c1c046":"","hero_height":"250px","pageTitleFont":{"family":"Default","variation":"Default","size":"30px","line-height":"CT_CSS_SKIP_RULE","letter-spacing":"CT_CSS_SKIP_RULE","text-transform":"CT_CSS_SKIP_RULE","text-decoration":"CT_CSS_SKIP_RULE"},"pageTitleFontColor":{"default":{"color":"CT_CSS_SKIP_RULEDEFAULT"}},"pageMetaFont":{"family":"Default","variation":"n6","size":"12px","line-height":"1.3","letter-spacing":"CT_CSS_SKIP_RULE","text-transform":"uppercase","text-decoration":"CT_CSS_SKIP_RULE"},"pageMetaFontColor":{"default":{"color":"CT_CSS_SKIP_RULEDEFAULT"},"hover":{"color":"CT_CSS_SKIP_RULEDEFAULT"}},"page_meta_button_type_font_colors":{"default":{"color":"CT_CSS_SKIP_RULEDEFAULT"},"hover":{"color":"CT_CSS_SKIP_RULEDEFAULT"}},"page_meta_button_type_background_colors":{"default":{"color":"CT_CSS_SKIP_RULEDEFAULT"},"hover":{"color":"CT_CSS_SKIP_RULEDEFAULT"}},"pageExcerptFont":{"family":"Default","variation":"Default","size":"CT_CSS_SKIP_RULE","line-height":"CT_CSS_SKIP_RULE","letter-spacing":"CT_CSS_SKIP_RULE","text-transform":"CT_CSS_SKIP_RULE","text-decoration":"CT_CSS_SKIP_RULE"},"pageExcerptColor":{"default":{"color":"CT_CSS_SKIP_RULEDEFAULT"}},"breadcrumbsFont":{"family":"Default","variation":"Default","size":"CT_CSS_SKIP_RULE","line-height":"CT_CSS_SKIP_RULE","letter-spacing":"CT_CSS_SKIP_RULE","text-transform":"CT_CSS_SKIP_RULE","text-decoration":"CT_CSS_SKIP_RULE"},"breadcrumbsFontColor":{"default":{"color":"CT_CSS_SKIP_RULEDEFAULT"},"initial":{"color":"CT_CSS_SKIP_RULEDEFAULT"},"hover":{"color":"CT_CSS_SKIP_RULEDEFAULT"}},"pageTitleOverlay":{"background_type":"color","background_pattern":"type-1","background_image":{"attachment_id":null,"x":0,"y":0},"gradient":"linear-gradient(135deg,rgba(6,147,227,1) 0%,rgb(155,81,224) 100%)","background_repeat":"repeat","background_size":"auto","background_attachment":"scroll","patternColor":{"default":{"color":"#e5e7ea"}},"overlayColor":{"default":{"color":"CT_CSS_SKIP_RULE"}},"backgroundColor":{"default":{"color":"CT_CSS_SKIP_RULE"}}},"pageTitleBackground":{"background_type":"color","background_pattern":"type-1","background_image":{"attachment_id":null,"x":0,"y":0},"gradient":"linear-gradient(135deg,rgba(6,147,227,1) 0%,rgb(155,81,224) 100%)","background_repeat":"repeat","background_size":"auto","background_attachment":"scroll","patternColor":{"default":{"color":"#e5e7ea"}},"overlayColor":{"default":{"color":"CT_CSS_SKIP_RULE"}},"backgroundColor":{"default":{"color":"var(--paletteColor6)"}}},"pageTitlePadding":{"top":"50px","bottom":"50px","left":"auto","right":"auto","linked":true},"295552b992ae0b3e5ed6d86c208e1a9b":"","page_structure_type":"default","9c977c51da051d8e9d3bfa2534ee29fe":"","content_style_source":"inherit","content_style":"wide","vertical_spacing_source":"custom","content_area_spacing":"none","background":{"background_type":"color","background_pattern":"type-1","background_image":{"attachment_id":null,"x":0,"y":0},"gradient":"linear-gradient(135deg,rgba(6,147,227,1) 0%,rgb(155,81,224) 100%)","background_repeat":"repeat","background_size":"auto","background_attachment":"scroll","patternColor":{"default":{"color":"#e5e7ea"}},"overlayColor":{"default":{"color":"CT_CSS_SKIP_RULE"}},"backgroundColor":{"default":{"color":"CT_CSS_SKIP_RULE"}}},"content_background":{"background_type":"color","background_pattern":"type-1","background_image":{"attachment_id":null,"x":0,"y":0},"gradient":"linear-gradient(135deg,rgba(6,147,227,1) 0%,rgb(155,81,224) 100%)","background_repeat":"repeat","background_size":"auto","background_attachment":"scroll","patternColor":{"default":{"color":"#e5e7ea"}},"overlayColor":{"default":{"color":"CT_CSS_SKIP_RULE"}},"backgroundColor":{"default":{"color":"var(--paletteColor8)"}}},"content_boxed_shadow":{"inherit":false,"blur":18,"spread":-6,"v_offset":12,"h_offset":0,"inset":false,"enable":true,"color":{"color":"rgba(34, 56, 101, 0.04)"}},"content_boxed_border":{"width":1,"style":"none","color":{"color":"rgba(44,62,80,0.2)"}},"content_boxed_radius":{"top":"3px","bottom":"3px","left":"3px","right":"3px","linked":true},"boxed_content_spacing":{"desktop":{"top":"40px","bottom":"40px","left":"40px","right":"40px","linked":true},"tablet":{"top":"35px","bottom":"35px","left":"35px","right":"35px","linked":true},"mobile":{"top":"20px","bottom":"20px","left":"20px","right":"20px","linked":true}},"3d8f2192bb3e81289975adccbeaf9c52":"","disable_featured_image":"no","disable_share_box":"no","disable_header":"no","disable_footer":"no"},"featured_image_urls":{"full":"","thumbnail":"","medium":"","medium_large":"","large":"","1536x1536":"","2048x2048":""},"post_excerpt_stackable":"<p>Willkommen beim Biohof Fengels! Erfahren Sie mehr \u00fcber unsere Leidenschaft f\u00fcr Galloways und die hochwertigen Produkte, die wir anbieten. Entdecken Jetzt ekaufen Unsere Philosophie: Qualit\u00e4t, Nachhaltigkeit und Regionalit\u00e4t Der Biohof Fengels legt gro\u00dfen Wert auf Qualit\u00e4t, Nachhaltigkeit und Regionalit\u00e4t. Wir sind stolz darauf, hochwertiges Fleisch von unseren Galloway-Tieren anzubieten. Unsere Philosophie steht im Mittelpunkt unserer Arbeit. Entdecken Jetzt kaufen<\/p>\n","category_list":"","author_info":{"name":"bhffngls","url":"https:\/\/biohoffengels.websitedummy.de\/index.php\/author\/bhffngls\/"},"comments_num":"0 comments","_links":{"self":[{"href":"https:\/\/biohoffengels.websitedummy.de\/index.php\/wp-json\/wp\/v2\/pages\/12"}],"collection":[{"href":"https:\/\/biohoffengels.websitedummy.de\/index.php\/wp-json\/wp\/v2\/pages"}],"about":[{"href":"https:\/\/biohoffengels.websitedummy.de\/index.php\/wp-json\/wp\/v2\/types\/page"}],"author":[{"embeddable":true,"href":"https:\/\/biohoffengels.websitedummy.de\/index.php\/wp-json\/wp\/v2\/users\/1"}],"replies":[{"embeddable":true,"href":"https:\/\/biohoffengels.websitedummy.de\/index.php\/wp-json\/wp\/v2\/comments?post=12"}],"version-history":[{"count":16,"href":"https:\/\/biohoffengels.websitedummy.de\/index.php\/wp-json\/wp\/v2\/pages\/12\/revisions"}],"predecessor-version":[{"id":596,"href":"https:\/\/biohoffengels.websitedummy.de\/index.php\/wp-json\/wp\/v2\/pages\/12\/revisions\/596"}],"wp:attachment":[{"href":"https:\/\/biohoffengels.websitedummy.de\/index.php\/wp-json\/wp\/v2\/media?parent=12"}],"curies":[{"name":"wp","href":"https:\/\/api.w.org\/{rel}","templated":true}]}}